{"id":647,"date":"2025-11-28T14:07:09","date_gmt":"2025-11-28T14:07:09","guid":{"rendered":"https:\/\/www.dalconsolerooms.com\/dal-console\/"},"modified":"2026-01-12T11:01:42","modified_gmt":"2026-01-12T11:01:42","slug":"dal-console","status":"publish","type":"page","link":"https:\/\/www.dalconsolerooms.com\/fr\/dal-console\/","title":{"rendered":"Dal Console"},"content":{"rendered":"\t\t<div data-elementor-type=\"wp-page\" data-elementor-id=\"647\" class=\"elementor elementor-647 elementor-17\" data-elementor-post-type=\"page\">\n\t\t\t\t<div data-particle_enable=\"false\" data-particle-mobile-disabled=\"false\" class=\"elementor-element elementor-element-bc3869a e-flex e-con-boxed e-con e-parent\" data-id=\"bc3869a\" data-element_type=\"container\" data-settings=\"{&quot;background_background&quot;:&quot;classic&quot;,&quot;ekit_has_onepagescroll_dot&quot;:&quot;yes&quot;}\">\n\t\t\t\t\t<div class=\"e-con-inner\">\n\t\t\t\t<div class=\"elementor-element elementor-element-ab7761c elementor-widget elementor-widget-heading\" data-id=\"ab7761c\" data-element_type=\"widget\" data-settings=\"{&quot;ekit_we_effect_on&quot;:&quot;none&quot;}\" data-widget_type=\"heading.default\">\n\t\t\t\t\t<h2 class=\"elementor-heading-title elementor-size-default\">Dal Console<\/h2>\t\t\t\t<\/div>\n\t\t\t\t\t<\/div>\n\t\t\t\t<\/div>\n\t\t<div data-particle_enable=\"false\" data-particle-mobile-disabled=\"false\" class=\"elementor-element elementor-element-25f61e9 e-flex e-con-boxed e-con e-parent\" data-id=\"25f61e9\" data-element_type=\"container\" data-settings=\"{&quot;ekit_has_onepagescroll_dot&quot;:&quot;yes&quot;}\">\n\t\t\t\t\t<div class=\"e-con-inner\">\n\t\t<div data-particle_enable=\"false\" data-particle-mobile-disabled=\"false\" class=\"elementor-element elementor-element-7705464 e-con-full e-flex e-con e-child\" data-id=\"7705464\" data-element_type=\"container\" data-settings=\"{&quot;ekit_has_onepagescroll_dot&quot;:&quot;yes&quot;}\">\n\t\t\t\t<div class=\"elementor-element elementor-element-31777ac elementor-widget elementor-widget-spacer\" data-id=\"31777ac\" data-element_type=\"widget\" data-settings=\"{&quot;ekit_we_effect_on&quot;:&quot;none&quot;}\" data-widget_type=\"spacer.default\">\n\t\t\t\t\t\t\t<div class=\"elementor-spacer\">\n\t\t\t<div class=\"elementor-spacer-inner\"><\/div>\n\t\t<\/div>\n\t\t\t\t\t\t<\/div>\n\t\t\t\t<\/div>\n\t\t<div data-particle_enable=\"false\" data-particle-mobile-disabled=\"false\" class=\"elementor-element elementor-element-df274b3 e-con-full e-flex e-con e-child\" data-id=\"df274b3\" data-element_type=\"container\" data-settings=\"{&quot;ekit_has_onepagescroll_dot&quot;:&quot;yes&quot;}\">\n\t\t<div data-particle_enable=\"false\" data-particle-mobile-disabled=\"false\" class=\"elementor-element elementor-element-99d98ae e-con-full e-flex e-con e-child\" data-id=\"99d98ae\" data-element_type=\"container\" data-settings=\"{&quot;ekit_has_onepagescroll_dot&quot;:&quot;yes&quot;}\">\n\t\t\t\t<div class=\"elementor-element elementor-element-7d18aa7 elementor-widget elementor-widget-heading\" data-id=\"7d18aa7\" data-element_type=\"widget\" data-settings=\"{&quot;ekit_we_effect_on&quot;:&quot;none&quot;}\" data-widget_type=\"heading.default\">\n\t\t\t\t\t<h2 class=\"elementor-heading-title elementor-size-default\">dal console rooms<\/h2>\t\t\t\t<\/div>\n\t\t\t\t<div class=\"elementor-element elementor-element-ad3b3a9 elementor-widget elementor-widget-heading\" data-id=\"ad3b3a9\" data-element_type=\"widget\" data-settings=\"{&quot;ekit_we_effect_on&quot;:&quot;none&quot;}\" data-widget_type=\"heading.default\">\n\t\t\t\t\t<h2 class=\"elementor-heading-title elementor-size-default\">Le point de d\u00e9part id\u00e9al pour visiter la ville<\/h2>\t\t\t\t<\/div>\n\t\t\t\t<div class=\"elementor-element elementor-element-84dec8a elementor-widget elementor-widget-text-editor\" data-id=\"84dec8a\" data-element_type=\"widget\" data-settings=\"{&quot;ekit_we_effect_on&quot;:&quot;none&quot;}\" data-widget_type=\"text-editor.default\">\n\t\t\t\t\t\t\t\t\t<p class=\"p1\">Dal Console Rooms est situ\u00e9 dans le centre historique de Naples, entre des ruelles charg\u00e9es d&rsquo;histoire et des palais qui ont conserv\u00e9 le charme d&rsquo;antan. Nous avons imagin\u00e9 ici un lieu capable d&rsquo;accueillir des voyageurs du monde entier, offrant un confort moderne, de la d\u00e9tente et une atmosph\u00e8re qui refl\u00e8te la v\u00e9ritable Naples.<\/p>\t\t\t\t\t\t\t\t<\/div>\n\t\t\t\t<div class=\"elementor-element elementor-element-2aafb8a elementor-widget elementor-widget-text-editor\" data-id=\"2aafb8a\" data-element_type=\"widget\" data-settings=\"{&quot;ekit_we_effect_on&quot;:&quot;none&quot;}\" data-widget_type=\"text-editor.default\">\n\t\t\t\t\t\t\t\t\t<p class=\"p1\">Notre structure est con\u00e7ue pour ceux qui recherchent un h\u00e9bergement soign\u00e9, central et proche des principaux points d&rsquo;int\u00e9r\u00eat de la ville. \u00c0 quelques minutes \u00e0 pied, vous trouverez le Mus\u00e9e arch\u00e9ologique national, le Christ voil\u00e9, la cath\u00e9drale Saint-Jan-de-J\u00e9rusalem et les deux lignes de m\u00e9tro \u00ab Dante \u00bb et \u00ab Museo \u00bb.<\/p>\t\t\t\t\t\t\t\t<\/div>\n\t\t\t\t<div class=\"elementor-element elementor-element-ef0b9d8 elementor-widget elementor-widget-button\" data-id=\"ef0b9d8\" data-element_type=\"widget\" data-settings=\"{&quot;ekit_we_effect_on&quot;:&quot;none&quot;}\" data-widget_type=\"button.default\">\n\t\t\t\t\t\t\t\t\t\t<a class=\"elementor-button elementor-button-link elementor-size-sm\" href=\"https:\/\/www.dalconsolerooms.com\/fr\/ou-nous-trouver\/\">\n\t\t\t\t\t\t<span class=\"elementor-button-content-wrapper\">\n\t\t\t\t\t\t<span class=\"elementor-button-icon\">\n\t\t\t\t<i aria-hidden=\"true\" class=\"icon icon-arrow-right\"><\/i>\t\t\t<\/span>\n\t\t\t\t\t\t\t\t\t<span class=\"elementor-button-text\">D\u00e9couvrez quoi faire en ville<\/span>\n\t\t\t\t\t<\/span>\n\t\t\t\t\t<\/a>\n\t\t\t\t\t\t\t\t<\/div>\n\t\t\t\t<\/div>\n\t\t\t\t<\/div>\n\t\t<div data-particle_enable=\"false\" data-particle-mobile-disabled=\"false\" class=\"elementor-element elementor-element-ea90e50 e-con-full e-flex e-con e-child\" data-id=\"ea90e50\" data-element_type=\"container\" data-settings=\"{&quot;ekit_has_onepagescroll_dot&quot;:&quot;yes&quot;}\">\n\t\t<div data-particle_enable=\"false\" data-particle-mobile-disabled=\"false\" class=\"elementor-element elementor-element-29af465 e-con-full e-flex e-con e-child\" data-id=\"29af465\" data-element_type=\"container\" data-settings=\"{&quot;background_background&quot;:&quot;classic&quot;,&quot;ekit_has_onepagescroll_dot&quot;:&quot;yes&quot;}\">\n\t\t\t\t<\/div>\n\t\t<div data-particle_enable=\"false\" data-particle-mobile-disabled=\"false\" class=\"elementor-element elementor-element-c7c9e00 e-con-full e-flex e-con e-child\" data-id=\"c7c9e00\" data-element_type=\"container\" data-settings=\"{&quot;background_background&quot;:&quot;classic&quot;,&quot;ekit_has_onepagescroll_dot&quot;:&quot;yes&quot;}\">\n\t\t\t\t<\/div>\n\t\t\t\t<\/div>\n\t\t<div data-particle_enable=\"false\" data-particle-mobile-disabled=\"false\" class=\"elementor-element elementor-element-57fb677 e-con-full e-flex e-con e-child\" data-id=\"57fb677\" data-element_type=\"container\" data-settings=\"{&quot;ekit_has_onepagescroll_dot&quot;:&quot;yes&quot;}\">\n\t\t\t\t<div class=\"elementor-element elementor-element-e6bf2ae elementor-widget elementor-widget-spacer\" data-id=\"e6bf2ae\" data-element_type=\"widget\" data-settings=\"{&quot;ekit_we_effect_on&quot;:&quot;none&quot;}\" data-widget_type=\"spacer.default\">\n\t\t\t\t\t\t\t<div class=\"elementor-spacer\">\n\t\t\t<div class=\"elementor-spacer-inner\"><\/div>\n\t\t<\/div>\n\t\t\t\t\t\t<\/div>\n\t\t\t\t<\/div>\n\t\t\t\t\t<\/div>\n\t\t\t\t<\/div>\n\t\t<div data-particle_enable=\"false\" data-particle-mobile-disabled=\"false\" class=\"elementor-element elementor-element-d741fe2 e-flex e-con-boxed e-con e-parent\" data-id=\"d741fe2\" data-element_type=\"container\" data-settings=\"{&quot;ekit_has_onepagescroll_dot&quot;:&quot;yes&quot;}\">\n\t\t\t\t\t<div class=\"e-con-inner\">\n\t\t<div data-particle_enable=\"false\" data-particle-mobile-disabled=\"false\" class=\"elementor-element elementor-element-1e3c433 e-con-full e-flex e-con e-child\" data-id=\"1e3c433\" data-element_type=\"container\" data-settings=\"{&quot;ekit_has_onepagescroll_dot&quot;:&quot;yes&quot;}\">\n\t\t\t\t<div class=\"elementor-element elementor-element-19573da elementor-widget elementor-widget-spacer\" data-id=\"19573da\" data-element_type=\"widget\" data-settings=\"{&quot;ekit_we_effect_on&quot;:&quot;none&quot;}\" data-widget_type=\"spacer.default\">\n\t\t\t\t\t\t\t<div class=\"elementor-spacer\">\n\t\t\t<div class=\"elementor-spacer-inner\"><\/div>\n\t\t<\/div>\n\t\t\t\t\t\t<\/div>\n\t\t\t\t<\/div>\n\t\t<div data-particle_enable=\"false\" data-particle-mobile-disabled=\"false\" class=\"elementor-element elementor-element-9c4d053 e-con-full e-flex e-con e-child\" data-id=\"9c4d053\" data-element_type=\"container\" data-settings=\"{&quot;ekit_has_onepagescroll_dot&quot;:&quot;yes&quot;}\">\n\t\t<div data-particle_enable=\"false\" data-particle-mobile-disabled=\"false\" class=\"elementor-element elementor-element-433a898 e-con-full e-flex e-con e-child\" data-id=\"433a898\" data-element_type=\"container\" data-settings=\"{&quot;ekit_has_onepagescroll_dot&quot;:&quot;yes&quot;}\">\n\t\t\t\t<div class=\"elementor-element elementor-element-3ce7fdc elementor-widget elementor-widget-heading\" data-id=\"3ce7fdc\" data-element_type=\"widget\" data-settings=\"{&quot;ekit_we_effect_on&quot;:&quot;none&quot;}\" data-widget_type=\"heading.default\">\n\t\t\t\t\t<h2 class=\"elementor-heading-title elementor-size-default\">Une exp\u00e9rience authentique dans le centre historique de Naples<\/h2>\t\t\t\t<\/div>\n\t\t\t\t<div class=\"elementor-element elementor-element-364254e elementor-widget elementor-widget-heading\" data-id=\"364254e\" data-element_type=\"widget\" data-settings=\"{&quot;ekit_we_effect_on&quot;:&quot;none&quot;}\" data-widget_type=\"heading.default\">\n\t\t\t\t\t<h2 class=\"elementor-heading-title elementor-size-default\">Notre conception de l'hospitalit\u00e9<\/h2>\t\t\t\t<\/div>\n\t\t\t\t<div class=\"elementor-element elementor-element-251bab1 elementor-widget elementor-widget-text-editor\" data-id=\"251bab1\" data-element_type=\"widget\" data-settings=\"{&quot;ekit_we_effect_on&quot;:&quot;none&quot;}\" data-widget_type=\"text-editor.default\">\n\t\t\t\t\t\t\t\t\t<p class=\"p1\">Nous croyons en une hospitalit\u00e9 sinc\u00e8re et aux d\u00e9tails : lumi\u00e8re naturelle, mobilier choisi avec soin, environnements confortables et calmes malgr\u00e9 l&rsquo;animation du quartier. Nous avons construit \u00ab Dal Console Rooms \u00bb en nous inspirant de ce que nous aimons dans cette ville : son \u00e9nergie, son histoire, sa po\u00e9sie cach\u00e9e dans les d\u00e9tails.<\/p>\t\t\t\t\t\t\t\t<\/div>\n\t\t\t\t<div class=\"elementor-element elementor-element-15dc498 elementor-mobile-align-center elementor-widget elementor-widget-button\" data-id=\"15dc498\" data-element_type=\"widget\" data-settings=\"{&quot;ekit_we_effect_on&quot;:&quot;none&quot;}\" data-widget_type=\"button.default\">\n\t\t\t\t\t\t\t\t\t\t<a class=\"elementor-button elementor-button-link elementor-size-sm\" href=\"https:\/\/www.dalconsolerooms.com\/fr\/chambres\/\">\n\t\t\t\t\t\t<span class=\"elementor-button-content-wrapper\">\n\t\t\t\t\t\t<span class=\"elementor-button-icon\">\n\t\t\t\t<i aria-hidden=\"true\" class=\"icon icon-arrow-right\"><\/i>\t\t\t<\/span>\n\t\t\t\t\t\t\t\t\t<span class=\"elementor-button-text\">Voir les chambres<\/span>\n\t\t\t\t\t<\/span>\n\t\t\t\t\t<\/a>\n\t\t\t\t\t\t\t\t<\/div>\n\t\t\t\t<\/div>\n\t\t\t\t<\/div>\n\t\t<div data-particle_enable=\"false\" data-particle-mobile-disabled=\"false\" class=\"elementor-element elementor-element-30bae44 e-con-full e-flex e-con e-child\" data-id=\"30bae44\" data-element_type=\"container\" data-settings=\"{&quot;ekit_has_onepagescroll_dot&quot;:&quot;yes&quot;}\">\n\t\t<div data-particle_enable=\"false\" data-particle-mobile-disabled=\"false\" class=\"elementor-element elementor-element-63b10cc e-con-full e-flex e-con e-child\" data-id=\"63b10cc\" data-element_type=\"container\" data-settings=\"{&quot;background_background&quot;:&quot;classic&quot;,&quot;ekit_has_onepagescroll_dot&quot;:&quot;yes&quot;}\">\n\t\t\t\t<\/div>\n\t\t<div data-particle_enable=\"false\" data-particle-mobile-disabled=\"false\" class=\"elementor-element elementor-element-9c0dc99 e-con-full e-flex e-con e-child\" data-id=\"9c0dc99\" data-element_type=\"container\" data-settings=\"{&quot;background_background&quot;:&quot;classic&quot;,&quot;ekit_has_onepagescroll_dot&quot;:&quot;yes&quot;}\">\n\t\t\t\t<\/div>\n\t\t\t\t<\/div>\n\t\t<div data-particle_enable=\"false\" data-particle-mobile-disabled=\"false\" class=\"elementor-element elementor-element-143597d e-con-full e-flex e-con e-child\" data-id=\"143597d\" data-element_type=\"container\" data-settings=\"{&quot;ekit_has_onepagescroll_dot&quot;:&quot;yes&quot;}\">\n\t\t\t\t<div class=\"elementor-element elementor-element-26e2595 elementor-widget elementor-widget-spacer\" data-id=\"26e2595\" data-element_type=\"widget\" data-settings=\"{&quot;ekit_we_effect_on&quot;:&quot;none&quot;}\" data-widget_type=\"spacer.default\">\n\t\t\t\t\t\t\t<div class=\"elementor-spacer\">\n\t\t\t<div class=\"elementor-spacer-inner\"><\/div>\n\t\t<\/div>\n\t\t\t\t\t\t<\/div>\n\t\t\t\t<\/div>\n\t\t\t\t\t<\/div>\n\t\t\t\t<\/div>\n\t\t<div data-particle_enable=\"false\" data-particle-mobile-disabled=\"false\" class=\"elementor-element elementor-element-e045f27 e-flex e-con-boxed e-con e-parent\" data-id=\"e045f27\" data-element_type=\"container\" data-settings=\"{&quot;background_background&quot;:&quot;classic&quot;,&quot;ekit_has_onepagescroll_dot&quot;:&quot;yes&quot;}\">\n\t\t\t\t\t<div class=\"e-con-inner\">\n\t\t\t\t<div class=\"elementor-element elementor-element-33e18e0 elementor-widget__width-initial elementor-widget-mobile__width-auto elementor-widget elementor-widget-heading\" data-id=\"33e18e0\" data-element_type=\"widget\" data-settings=\"{&quot;ekit_we_effect_on&quot;:&quot;none&quot;}\" data-widget_type=\"heading.default\">\n\t\t\t\t\t<h2 class=\"elementor-heading-title elementor-size-default\">Accueillir des voyageurs du monde entier est pour nous une fa\u00e7on de partager les beaut\u00e9s de Naples. <br>Ici, vous pourrez d\u00e9couvrir la ville de pr\u00e8s, avec le confort de rentrer chaque soir dans un cadre intime et confortable.<\/h2>\t\t\t\t<\/div>\n\t\t\t\t\t<\/div>\n\t\t\t\t<\/div>\n\t\t\t\t<\/div>\n\t\t","protected":false},"excerpt":{"rendered":"<p>Dal Console dal console rooms Le point de d\u00e9part id\u00e9al pour visiter la ville Dal Console Rooms est situ\u00e9 dans le centre historique de Naples, entre des ruelles charg\u00e9es d&rsquo;histoire et des palais qui ont conserv\u00e9 le charme d&rsquo;antan. Nous avons imagin\u00e9 ici un lieu capable d&rsquo;accueillir des voyageurs du monde entier, offrant un confort [&hellip;]<\/p>\n","protected":false},"author":1,"featured_media":0,"parent":0,"menu_order":0,"comment_status":"closed","ping_status":"closed","template":"","meta":{"footnotes":""},"class_list":["post-647","page","type-page","status-publish","hentry"],"yoast_head":"<!-- This site is optimized with the Yoast SEO plugin v26.7 - https:\/\/yoast.com\/wordpress\/plugins\/seo\/ -->\n<title>Dal Console - Dal Console Rooms<\/title>\n<meta name=\"robots\" content=\"index, follow, max-snippet:-1, max-image-preview:large, max-video-preview:-1\" \/>\n<link rel=\"canonical\" href=\"https:\/\/www.dalconsolerooms.com\/dal-console\/\" \/>\n<meta property=\"og:locale\" content=\"fr_FR\" \/>\n<meta property=\"og:type\" content=\"article\" \/>\n<meta property=\"og:title\" content=\"Dal Console - Dal Console Rooms\" \/>\n<meta property=\"og:description\" content=\"Dal Console dal console rooms Le point de d\u00e9part id\u00e9al pour visiter la ville Dal Console Rooms est situ\u00e9 dans le centre historique de Naples, entre des ruelles charg\u00e9es d&rsquo;histoire et des palais qui ont conserv\u00e9 le charme d&rsquo;antan. Nous avons imagin\u00e9 ici un lieu capable d&rsquo;accueillir des voyageurs du monde entier, offrant un confort [&hellip;]\" \/>\n<meta property=\"og:url\" content=\"https:\/\/www.dalconsolerooms.com\/dal-console\/\" \/>\n<meta property=\"og:site_name\" content=\"Dal Console Rooms\" \/>\n<meta property=\"article:modified_time\" content=\"2026-01-12T11:01:42+00:00\" \/>\n<meta property=\"og:image\" content=\"https:\/\/www.dalconsolerooms.com\/wp-content\/uploads\/2026\/01\/L1022075--scaled.jpg\" \/>\n\t<meta property=\"og:image:width\" content=\"2560\" \/>\n\t<meta property=\"og:image:height\" content=\"1704\" \/>\n\t<meta property=\"og:image:type\" content=\"image\/jpeg\" \/>\n<meta name=\"twitter:card\" content=\"summary_large_image\" \/>\n<meta name=\"twitter:label1\" content=\"Dur\u00e9e de lecture estim\u00e9e\" \/>\n\t<meta name=\"twitter:data1\" content=\"1 minute\" \/>\n<script type=\"application\/ld+json\" class=\"yoast-schema-graph\">{\"@context\":\"https:\/\/schema.org\",\"@graph\":[{\"@type\":\"WebPage\",\"@id\":\"https:\/\/www.dalconsolerooms.com\/dal-console\/\",\"url\":\"https:\/\/www.dalconsolerooms.com\/dal-console\/\",\"name\":\"Dal Console - Dal Console Rooms\",\"isPartOf\":{\"@id\":\"https:\/\/www.dalconsolerooms.com\/#website\"},\"datePublished\":\"2025-11-28T14:07:09+00:00\",\"dateModified\":\"2026-01-12T11:01:42+00:00\",\"breadcrumb\":{\"@id\":\"https:\/\/www.dalconsolerooms.com\/dal-console\/#breadcrumb\"},\"inLanguage\":\"fr-FR\",\"potentialAction\":[{\"@type\":\"ReadAction\",\"target\":[\"https:\/\/www.dalconsolerooms.com\/dal-console\/\"]}]},{\"@type\":\"BreadcrumbList\",\"@id\":\"https:\/\/www.dalconsolerooms.com\/dal-console\/#breadcrumb\",\"itemListElement\":[{\"@type\":\"ListItem\",\"position\":1,\"name\":\"Home\",\"item\":\"https:\/\/www.dalconsolerooms.com\/fr\/accueil\/\"},{\"@type\":\"ListItem\",\"position\":2,\"name\":\"Dal Console\"}]},{\"@type\":\"WebSite\",\"@id\":\"https:\/\/www.dalconsolerooms.com\/#website\",\"url\":\"https:\/\/www.dalconsolerooms.com\/\",\"name\":\"Dal Console Rooms\",\"description\":\"Il tuo rifugio nel cuore di Napoli\",\"publisher\":{\"@id\":\"https:\/\/www.dalconsolerooms.com\/#organization\"},\"potentialAction\":[{\"@type\":\"SearchAction\",\"target\":{\"@type\":\"EntryPoint\",\"urlTemplate\":\"https:\/\/www.dalconsolerooms.com\/?s={search_term_string}\"},\"query-input\":{\"@type\":\"PropertyValueSpecification\",\"valueRequired\":true,\"valueName\":\"search_term_string\"}}],\"inLanguage\":\"fr-FR\"},{\"@type\":\"Organization\",\"@id\":\"https:\/\/www.dalconsolerooms.com\/#organization\",\"name\":\"Dal Console Rooms\",\"url\":\"https:\/\/www.dalconsolerooms.com\/\",\"logo\":{\"@type\":\"ImageObject\",\"inLanguage\":\"fr-FR\",\"@id\":\"https:\/\/www.dalconsolerooms.com\/#\/schema\/logo\/image\/\",\"url\":\"https:\/\/www.dalconsolerooms.com\/wp-content\/uploads\/2025\/11\/logo-dal-console-rooms.svg\",\"contentUrl\":\"https:\/\/www.dalconsolerooms.com\/wp-content\/uploads\/2025\/11\/logo-dal-console-rooms.svg\",\"width\":612,\"height\":647,\"caption\":\"Dal Console Rooms\"},\"image\":{\"@id\":\"https:\/\/www.dalconsolerooms.com\/#\/schema\/logo\/image\/\"}}]}<\/script>\n<!-- \/ Yoast SEO plugin. -->","yoast_head_json":{"title":"Dal Console - Dal Console Rooms","robots":{"index":"index","follow":"follow","max-snippet":"max-snippet:-1","max-image-preview":"max-image-preview:large","max-video-preview":"max-video-preview:-1"},"canonical":"https:\/\/www.dalconsolerooms.com\/dal-console\/","og_locale":"fr_FR","og_type":"article","og_title":"Dal Console - Dal Console Rooms","og_description":"Dal Console dal console rooms Le point de d\u00e9part id\u00e9al pour visiter la ville Dal Console Rooms est situ\u00e9 dans le centre historique de Naples, entre des ruelles charg\u00e9es d&rsquo;histoire et des palais qui ont conserv\u00e9 le charme d&rsquo;antan. Nous avons imagin\u00e9 ici un lieu capable d&rsquo;accueillir des voyageurs du monde entier, offrant un confort [&hellip;]","og_url":"https:\/\/www.dalconsolerooms.com\/dal-console\/","og_site_name":"Dal Console Rooms","article_modified_time":"2026-01-12T11:01:42+00:00","og_image":[{"width":2560,"height":1704,"url":"https:\/\/www.dalconsolerooms.com\/wp-content\/uploads\/2026\/01\/L1022075--scaled.jpg","type":"image\/jpeg"}],"twitter_card":"summary_large_image","twitter_misc":{"Dur\u00e9e de lecture estim\u00e9e":"1 minute"},"schema":{"@context":"https:\/\/schema.org","@graph":[{"@type":"WebPage","@id":"https:\/\/www.dalconsolerooms.com\/dal-console\/","url":"https:\/\/www.dalconsolerooms.com\/dal-console\/","name":"Dal Console - Dal Console Rooms","isPartOf":{"@id":"https:\/\/www.dalconsolerooms.com\/#website"},"datePublished":"2025-11-28T14:07:09+00:00","dateModified":"2026-01-12T11:01:42+00:00","breadcrumb":{"@id":"https:\/\/www.dalconsolerooms.com\/dal-console\/#breadcrumb"},"inLanguage":"fr-FR","potentialAction":[{"@type":"ReadAction","target":["https:\/\/www.dalconsolerooms.com\/dal-console\/"]}]},{"@type":"BreadcrumbList","@id":"https:\/\/www.dalconsolerooms.com\/dal-console\/#breadcrumb","itemListElement":[{"@type":"ListItem","position":1,"name":"Home","item":"https:\/\/www.dalconsolerooms.com\/fr\/accueil\/"},{"@type":"ListItem","position":2,"name":"Dal Console"}]},{"@type":"WebSite","@id":"https:\/\/www.dalconsolerooms.com\/#website","url":"https:\/\/www.dalconsolerooms.com\/","name":"Dal Console Rooms","description":"Il tuo rifugio nel cuore di Napoli","publisher":{"@id":"https:\/\/www.dalconsolerooms.com\/#organization"},"potentialAction":[{"@type":"SearchAction","target":{"@type":"EntryPoint","urlTemplate":"https:\/\/www.dalconsolerooms.com\/?s={search_term_string}"},"query-input":{"@type":"PropertyValueSpecification","valueRequired":true,"valueName":"search_term_string"}}],"inLanguage":"fr-FR"},{"@type":"Organization","@id":"https:\/\/www.dalconsolerooms.com\/#organization","name":"Dal Console Rooms","url":"https:\/\/www.dalconsolerooms.com\/","logo":{"@type":"ImageObject","inLanguage":"fr-FR","@id":"https:\/\/www.dalconsolerooms.com\/#\/schema\/logo\/image\/","url":"https:\/\/www.dalconsolerooms.com\/wp-content\/uploads\/2025\/11\/logo-dal-console-rooms.svg","contentUrl":"https:\/\/www.dalconsolerooms.com\/wp-content\/uploads\/2025\/11\/logo-dal-console-rooms.svg","width":612,"height":647,"caption":"Dal Console Rooms"},"image":{"@id":"https:\/\/www.dalconsolerooms.com\/#\/schema\/logo\/image\/"}}]}},"_links":{"self":[{"href":"https:\/\/www.dalconsolerooms.com\/fr\/wp-json\/wp\/v2\/pages\/647","targetHints":{"allow":["GET"]}}],"collection":[{"href":"https:\/\/www.dalconsolerooms.com\/fr\/wp-json\/wp\/v2\/pages"}],"about":[{"href":"https:\/\/www.dalconsolerooms.com\/fr\/wp-json\/wp\/v2\/types\/page"}],"author":[{"embeddable":true,"href":"https:\/\/www.dalconsolerooms.com\/fr\/wp-json\/wp\/v2\/users\/1"}],"replies":[{"embeddable":true,"href":"https:\/\/www.dalconsolerooms.com\/fr\/wp-json\/wp\/v2\/comments?post=647"}],"version-history":[{"count":2,"href":"https:\/\/www.dalconsolerooms.com\/fr\/wp-json\/wp\/v2\/pages\/647\/revisions"}],"predecessor-version":[{"id":904,"href":"https:\/\/www.dalconsolerooms.com\/fr\/wp-json\/wp\/v2\/pages\/647\/revisions\/904"}],"wp:attachment":[{"href":"https:\/\/www.dalconsolerooms.com\/fr\/wp-json\/wp\/v2\/media?parent=647"}],"curies":[{"name":"wp","href":"https:\/\/api.w.org\/{rel}","templated":true}]}}