{"id":785,"date":"2025-12-11T11:57:31","date_gmt":"2025-12-11T11:57:31","guid":{"rendered":"https:\/\/www.dalconsolerooms.com\/jetzt-buchen\/"},"modified":"2026-01-12T12:03:57","modified_gmt":"2026-01-12T12:03:57","slug":"jetzt-buchen","status":"publish","type":"page","link":"https:\/\/www.dalconsolerooms.com\/de\/jetzt-buchen\/","title":{"rendered":"Jetzt buchen"},"content":{"rendered":"\t\t<div data-elementor-type=\"wp-page\" data-elementor-id=\"785\" class=\"elementor elementor-785 elementor-362\" data-elementor-post-type=\"page\">\n\t\t\t\t<div data-particle_enable=\"false\" data-particle-mobile-disabled=\"false\" class=\"elementor-element elementor-element-a316a19 e-flex e-con-boxed e-con e-parent\" data-id=\"a316a19\" data-element_type=\"container\" data-settings=\"{&quot;background_background&quot;:&quot;classic&quot;,&quot;ekit_has_onepagescroll_dot&quot;:&quot;yes&quot;}\">\n\t\t\t\t\t<div class=\"e-con-inner\">\n\t\t\t\t<div class=\"elementor-element elementor-element-710aa07 elementor-widget elementor-widget-heading\" data-id=\"710aa07\" data-element_type=\"widget\" data-settings=\"{&quot;ekit_we_effect_on&quot;:&quot;none&quot;}\" data-widget_type=\"heading.default\">\n\t\t\t\t\t<h2 class=\"elementor-heading-title elementor-size-default\">Jetzt buchen<\/h2>\t\t\t\t<\/div>\n\t\t\t\t\t<\/div>\n\t\t\t\t<\/div>\n\t\t<div data-particle_enable=\"false\" data-particle-mobile-disabled=\"false\" class=\"elementor-element elementor-element-0b7107c e-flex e-con-boxed e-con e-parent\" data-id=\"0b7107c\" data-element_type=\"container\" data-settings=\"{&quot;ekit_has_onepagescroll_dot&quot;:&quot;yes&quot;}\">\n\t\t\t\t\t<div class=\"e-con-inner\">\n\t\t<div data-particle_enable=\"false\" data-particle-mobile-disabled=\"false\" class=\"elementor-element elementor-element-5592858 e-con-full e-flex e-con e-child\" data-id=\"5592858\" data-element_type=\"container\" data-settings=\"{&quot;ekit_has_onepagescroll_dot&quot;:&quot;yes&quot;}\">\n\t\t\t\t<div class=\"elementor-element elementor-element-55876e1 elementor-widget elementor-widget-spacer\" data-id=\"55876e1\" data-element_type=\"widget\" data-settings=\"{&quot;ekit_we_effect_on&quot;:&quot;none&quot;}\" data-widget_type=\"spacer.default\">\n\t\t\t\t\t\t\t<div class=\"elementor-spacer\">\n\t\t\t<div class=\"elementor-spacer-inner\"><\/div>\n\t\t<\/div>\n\t\t\t\t\t\t<\/div>\n\t\t\t\t<\/div>\n\t\t<div data-particle_enable=\"false\" data-particle-mobile-disabled=\"false\" class=\"elementor-element elementor-element-9e69c13 e-con-full e-flex e-con e-child\" data-id=\"9e69c13\" data-element_type=\"container\" data-settings=\"{&quot;ekit_has_onepagescroll_dot&quot;:&quot;yes&quot;}\">\n\t\t<div data-particle_enable=\"false\" data-particle-mobile-disabled=\"false\" class=\"elementor-element elementor-element-392fa5e e-con-full e-flex e-con e-child\" data-id=\"392fa5e\" data-element_type=\"container\" data-settings=\"{&quot;ekit_has_onepagescroll_dot&quot;:&quot;yes&quot;}\">\n\t\t\t\t<div class=\"elementor-element elementor-element-11e1db6 elementor-widget elementor-widget-heading\" data-id=\"11e1db6\" data-element_type=\"widget\" data-settings=\"{&quot;ekit_we_effect_on&quot;:&quot;none&quot;}\" data-widget_type=\"heading.default\">\n\t\t\t\t\t<h2 class=\"elementor-heading-title elementor-size-default\">jetzt buchen<\/h2>\t\t\t\t<\/div>\n\t\t\t\t<div class=\"elementor-element elementor-element-18cea86 elementor-widget elementor-widget-heading\" data-id=\"18cea86\" data-element_type=\"widget\" data-settings=\"{&quot;ekit_we_effect_on&quot;:&quot;none&quot;}\" data-widget_type=\"heading.default\">\n\t\t\t\t\t<h2 class=\"elementor-heading-title elementor-size-default\">Ihr Aufenthalt in Neapel beginnt hier<\/h2>\t\t\t\t<\/div>\n\t\t\t\t<div class=\"elementor-element elementor-element-90f92b3 elementor-widget elementor-widget-text-editor\" data-id=\"90f92b3\" data-element_type=\"widget\" data-settings=\"{&quot;ekit_we_effect_on&quot;:&quot;none&quot;}\" data-widget_type=\"text-editor.default\">\n\t\t\t\t\t\t\t\t\t<p data-start=\"460\" data-end=\"737\">Wenn Sie im Dal Console Rooms buchen, entscheiden Sie sich f\u00fcr einen authentischen Ausgangspunkt, um Neapel ungefiltert zu erleben. Ein gem\u00fctlicher und gepflegter Ort im Herzen der Altstadt, ideal f\u00fcr alle, die zu Fu\u00df unterwegs sind, die Stadt langsam entdecken und sich sofort in ihren Rhythmus einf\u00fcgen m\u00f6chten. <\/p><p data-start=\"739\" data-end=\"987\">Jedes Detail ist darauf ausgerichtet, Ihnen Komfort, Ruhe und eine strategisch g\u00fcnstige Lage zu bieten, ideal sowohl f\u00fcr kurze als auch f\u00fcr l\u00e4ngere Aufenthalte. Hier ist die Reise nicht nur ein Ziel, sondern ein Erlebnis, das bereits mit der Buchung beginnt. <\/p>\t\t\t\t\t\t\t\t<\/div>\n\t\t\t\t<\/div>\n\t\t\t\t<\/div>\n\t\t<div data-particle_enable=\"false\" data-particle-mobile-disabled=\"false\" class=\"elementor-element elementor-element-ab2373c e-con-full e-flex e-con e-child\" data-id=\"ab2373c\" data-element_type=\"container\" data-settings=\"{&quot;ekit_has_onepagescroll_dot&quot;:&quot;yes&quot;}\">\n\t\t<div data-particle_enable=\"false\" data-particle-mobile-disabled=\"false\" class=\"elementor-element elementor-element-5f4b2b5 e-con-full e-flex e-con e-child\" data-id=\"5f4b2b5\" data-element_type=\"container\" data-settings=\"{&quot;background_background&quot;:&quot;classic&quot;,&quot;ekit_has_onepagescroll_dot&quot;:&quot;yes&quot;}\">\n\t\t\t\t<\/div>\n\t\t<div data-particle_enable=\"false\" data-particle-mobile-disabled=\"false\" class=\"elementor-element elementor-element-53daf94 e-con-full e-flex e-con e-child\" data-id=\"53daf94\" data-element_type=\"container\" data-settings=\"{&quot;background_background&quot;:&quot;classic&quot;,&quot;ekit_has_onepagescroll_dot&quot;:&quot;yes&quot;}\">\n\t\t\t\t<\/div>\n\t\t\t\t<\/div>\n\t\t<div data-particle_enable=\"false\" data-particle-mobile-disabled=\"false\" class=\"elementor-element elementor-element-7aca3ae e-con-full e-flex e-con e-child\" data-id=\"7aca3ae\" data-element_type=\"container\" data-settings=\"{&quot;ekit_has_onepagescroll_dot&quot;:&quot;yes&quot;}\">\n\t\t\t\t<div class=\"elementor-element elementor-element-1334687 elementor-widget elementor-widget-spacer\" data-id=\"1334687\" data-element_type=\"widget\" data-settings=\"{&quot;ekit_we_effect_on&quot;:&quot;none&quot;}\" data-widget_type=\"spacer.default\">\n\t\t\t\t\t\t\t<div class=\"elementor-spacer\">\n\t\t\t<div class=\"elementor-spacer-inner\"><\/div>\n\t\t<\/div>\n\t\t\t\t\t\t<\/div>\n\t\t\t\t<\/div>\n\t\t\t\t\t<\/div>\n\t\t\t\t<\/div>\n\t\t<div data-particle_enable=\"false\" data-particle-mobile-disabled=\"false\" class=\"elementor-element elementor-element-f699784 e-flex e-con-boxed e-con e-parent\" data-id=\"f699784\" data-element_type=\"container\" data-settings=\"{&quot;ekit_has_onepagescroll_dot&quot;:&quot;yes&quot;}\">\n\t\t\t\t\t<div class=\"e-con-inner\">\n\t\t\t\t<div class=\"elementor-element elementor-element-64b153d elementor-widget elementor-widget-text-editor\" data-id=\"64b153d\" data-element_type=\"widget\" data-settings=\"{&quot;ekit_we_effect_on&quot;:&quot;none&quot;}\" data-widget_type=\"text-editor.default\">\n\t\t\t\t\t\t\t\t\t<div data-lang=\"de\" data-hotel-id=\"dalconsolerooms\" data-id-room=\"0\"  class=\"kross-container\"><\/div>\t\t\t\t\t\t\t\t<\/div>\n\t\t\t\t\t<\/div>\n\t\t\t\t<\/div>\n\t\t\t\t<\/div>\n\t\t","protected":false},"excerpt":{"rendered":"<p>Jetzt buchen jetzt buchen Ihr Aufenthalt in Neapel beginnt hier Wenn Sie im Dal Console Rooms buchen, entscheiden Sie sich f\u00fcr einen authentischen Ausgangspunkt, um Neapel ungefiltert zu erleben. Ein gem\u00fctlicher und gepflegter Ort im Herzen der Altstadt, ideal f\u00fcr alle, die zu Fu\u00df unterwegs sind, die Stadt langsam entdecken und sich sofort in ihren [&hellip;]<\/p>\n","protected":false},"author":1,"featured_media":0,"parent":0,"menu_order":0,"comment_status":"closed","ping_status":"closed","template":"","meta":{"footnotes":""},"class_list":["post-785","page","type-page","status-publish","hentry"],"yoast_head":"<!-- This site is optimized with the Yoast SEO plugin v26.7 - https:\/\/yoast.com\/wordpress\/plugins\/seo\/ -->\n<title>Jetzt buchen - Dal Console Rooms<\/title>\n<meta name=\"robots\" content=\"index, follow, max-snippet:-1, max-image-preview:large, max-video-preview:-1\" \/>\n<link rel=\"canonical\" href=\"https:\/\/www.dalconsolerooms.com\/prenota-ora\/\" \/>\n<meta property=\"og:locale\" content=\"de_DE\" \/>\n<meta property=\"og:type\" content=\"article\" \/>\n<meta property=\"og:title\" content=\"Jetzt buchen - Dal Console Rooms\" \/>\n<meta property=\"og:description\" content=\"Jetzt buchen jetzt buchen Ihr Aufenthalt in Neapel beginnt hier Wenn Sie im Dal Console Rooms buchen, entscheiden Sie sich f\u00fcr einen authentischen Ausgangspunkt, um Neapel ungefiltert zu erleben. Ein gem\u00fctlicher und gepflegter Ort im Herzen der Altstadt, ideal f\u00fcr alle, die zu Fu\u00df unterwegs sind, die Stadt langsam entdecken und sich sofort in ihren [&hellip;]\" \/>\n<meta property=\"og:url\" content=\"https:\/\/www.dalconsolerooms.com\/prenota-ora\/\" \/>\n<meta property=\"og:site_name\" content=\"Dal Console Rooms\" \/>\n<meta property=\"article:modified_time\" content=\"2026-01-12T12:03:57+00:00\" \/>\n<meta property=\"og:image\" content=\"https:\/\/www.dalconsolerooms.com\/wp-content\/uploads\/2026\/01\/L1022075--scaled.jpg\" \/>\n\t<meta property=\"og:image:width\" content=\"2560\" \/>\n\t<meta property=\"og:image:height\" content=\"1704\" \/>\n\t<meta property=\"og:image:type\" content=\"image\/jpeg\" \/>\n<meta name=\"twitter:card\" content=\"summary_large_image\" \/>\n<meta name=\"twitter:label1\" content=\"Gesch\u00e4tzte Lesezeit\" \/>\n\t<meta name=\"twitter:data1\" content=\"1\u00a0Minute\" \/>\n<script type=\"application\/ld+json\" class=\"yoast-schema-graph\">{\"@context\":\"https:\/\/schema.org\",\"@graph\":[{\"@type\":\"WebPage\",\"@id\":\"https:\/\/www.dalconsolerooms.com\/prenota-ora\/\",\"url\":\"https:\/\/www.dalconsolerooms.com\/prenota-ora\/\",\"name\":\"Jetzt buchen - Dal Console Rooms\",\"isPartOf\":{\"@id\":\"https:\/\/www.dalconsolerooms.com\/#website\"},\"datePublished\":\"2025-12-11T11:57:31+00:00\",\"dateModified\":\"2026-01-12T12:03:57+00:00\",\"breadcrumb\":{\"@id\":\"https:\/\/www.dalconsolerooms.com\/prenota-ora\/#breadcrumb\"},\"inLanguage\":\"de\",\"potentialAction\":[{\"@type\":\"ReadAction\",\"target\":[\"https:\/\/www.dalconsolerooms.com\/prenota-ora\/\"]}]},{\"@type\":\"BreadcrumbList\",\"@id\":\"https:\/\/www.dalconsolerooms.com\/prenota-ora\/#breadcrumb\",\"itemListElement\":[{\"@type\":\"ListItem\",\"position\":1,\"name\":\"Home\",\"item\":\"https:\/\/www.dalconsolerooms.com\/\"},{\"@type\":\"ListItem\",\"position\":2,\"name\":\"Jetzt buchen\"}]},{\"@type\":\"WebSite\",\"@id\":\"https:\/\/www.dalconsolerooms.com\/#website\",\"url\":\"https:\/\/www.dalconsolerooms.com\/\",\"name\":\"Dal Console Rooms\",\"description\":\"Il tuo rifugio nel cuore di Napoli\",\"publisher\":{\"@id\":\"https:\/\/www.dalconsolerooms.com\/#organization\"},\"potentialAction\":[{\"@type\":\"SearchAction\",\"target\":{\"@type\":\"EntryPoint\",\"urlTemplate\":\"https:\/\/www.dalconsolerooms.com\/?s={search_term_string}\"},\"query-input\":{\"@type\":\"PropertyValueSpecification\",\"valueRequired\":true,\"valueName\":\"search_term_string\"}}],\"inLanguage\":\"de\"},{\"@type\":\"Organization\",\"@id\":\"https:\/\/www.dalconsolerooms.com\/#organization\",\"name\":\"Dal Console Rooms\",\"url\":\"https:\/\/www.dalconsolerooms.com\/\",\"logo\":{\"@type\":\"ImageObject\",\"inLanguage\":\"de\",\"@id\":\"https:\/\/www.dalconsolerooms.com\/#\/schema\/logo\/image\/\",\"url\":\"https:\/\/www.dalconsolerooms.com\/wp-content\/uploads\/2025\/11\/logo-dal-console-rooms.svg\",\"contentUrl\":\"https:\/\/www.dalconsolerooms.com\/wp-content\/uploads\/2025\/11\/logo-dal-console-rooms.svg\",\"width\":612,\"height\":647,\"caption\":\"Dal Console Rooms\"},\"image\":{\"@id\":\"https:\/\/www.dalconsolerooms.com\/#\/schema\/logo\/image\/\"}}]}<\/script>\n<!-- \/ Yoast SEO plugin. -->","yoast_head_json":{"title":"Jetzt buchen - Dal Console Rooms","robots":{"index":"index","follow":"follow","max-snippet":"max-snippet:-1","max-image-preview":"max-image-preview:large","max-video-preview":"max-video-preview:-1"},"canonical":"https:\/\/www.dalconsolerooms.com\/prenota-ora\/","og_locale":"de_DE","og_type":"article","og_title":"Jetzt buchen - Dal Console Rooms","og_description":"Jetzt buchen jetzt buchen Ihr Aufenthalt in Neapel beginnt hier Wenn Sie im Dal Console Rooms buchen, entscheiden Sie sich f\u00fcr einen authentischen Ausgangspunkt, um Neapel ungefiltert zu erleben. Ein gem\u00fctlicher und gepflegter Ort im Herzen der Altstadt, ideal f\u00fcr alle, die zu Fu\u00df unterwegs sind, die Stadt langsam entdecken und sich sofort in ihren [&hellip;]","og_url":"https:\/\/www.dalconsolerooms.com\/prenota-ora\/","og_site_name":"Dal Console Rooms","article_modified_time":"2026-01-12T12:03:57+00:00","og_image":[{"width":2560,"height":1704,"url":"https:\/\/www.dalconsolerooms.com\/wp-content\/uploads\/2026\/01\/L1022075--scaled.jpg","type":"image\/jpeg"}],"twitter_card":"summary_large_image","twitter_misc":{"Gesch\u00e4tzte Lesezeit":"1\u00a0Minute"},"schema":{"@context":"https:\/\/schema.org","@graph":[{"@type":"WebPage","@id":"https:\/\/www.dalconsolerooms.com\/prenota-ora\/","url":"https:\/\/www.dalconsolerooms.com\/prenota-ora\/","name":"Jetzt buchen - Dal Console Rooms","isPartOf":{"@id":"https:\/\/www.dalconsolerooms.com\/#website"},"datePublished":"2025-12-11T11:57:31+00:00","dateModified":"2026-01-12T12:03:57+00:00","breadcrumb":{"@id":"https:\/\/www.dalconsolerooms.com\/prenota-ora\/#breadcrumb"},"inLanguage":"de","potentialAction":[{"@type":"ReadAction","target":["https:\/\/www.dalconsolerooms.com\/prenota-ora\/"]}]},{"@type":"BreadcrumbList","@id":"https:\/\/www.dalconsolerooms.com\/prenota-ora\/#breadcrumb","itemListElement":[{"@type":"ListItem","position":1,"name":"Home","item":"https:\/\/www.dalconsolerooms.com\/"},{"@type":"ListItem","position":2,"name":"Jetzt buchen"}]},{"@type":"WebSite","@id":"https:\/\/www.dalconsolerooms.com\/#website","url":"https:\/\/www.dalconsolerooms.com\/","name":"Dal Console Rooms","description":"Il tuo rifugio nel cuore di Napoli","publisher":{"@id":"https:\/\/www.dalconsolerooms.com\/#organization"},"potentialAction":[{"@type":"SearchAction","target":{"@type":"EntryPoint","urlTemplate":"https:\/\/www.dalconsolerooms.com\/?s={search_term_string}"},"query-input":{"@type":"PropertyValueSpecification","valueRequired":true,"valueName":"search_term_string"}}],"inLanguage":"de"},{"@type":"Organization","@id":"https:\/\/www.dalconsolerooms.com\/#organization","name":"Dal Console Rooms","url":"https:\/\/www.dalconsolerooms.com\/","logo":{"@type":"ImageObject","inLanguage":"de","@id":"https:\/\/www.dalconsolerooms.com\/#\/schema\/logo\/image\/","url":"https:\/\/www.dalconsolerooms.com\/wp-content\/uploads\/2025\/11\/logo-dal-console-rooms.svg","contentUrl":"https:\/\/www.dalconsolerooms.com\/wp-content\/uploads\/2025\/11\/logo-dal-console-rooms.svg","width":612,"height":647,"caption":"Dal Console Rooms"},"image":{"@id":"https:\/\/www.dalconsolerooms.com\/#\/schema\/logo\/image\/"}}]}},"_links":{"self":[{"href":"https:\/\/www.dalconsolerooms.com\/de\/wp-json\/wp\/v2\/pages\/785","targetHints":{"allow":["GET"]}}],"collection":[{"href":"https:\/\/www.dalconsolerooms.com\/de\/wp-json\/wp\/v2\/pages"}],"about":[{"href":"https:\/\/www.dalconsolerooms.com\/de\/wp-json\/wp\/v2\/types\/page"}],"author":[{"embeddable":true,"href":"https:\/\/www.dalconsolerooms.com\/de\/wp-json\/wp\/v2\/users\/1"}],"replies":[{"embeddable":true,"href":"https:\/\/www.dalconsolerooms.com\/de\/wp-json\/wp\/v2\/comments?post=785"}],"version-history":[{"count":2,"href":"https:\/\/www.dalconsolerooms.com\/de\/wp-json\/wp\/v2\/pages\/785\/revisions"}],"predecessor-version":[{"id":1015,"href":"https:\/\/www.dalconsolerooms.com\/de\/wp-json\/wp\/v2\/pages\/785\/revisions\/1015"}],"wp:attachment":[{"href":"https:\/\/www.dalconsolerooms.com\/de\/wp-json\/wp\/v2\/media?parent=785"}],"curies":[{"name":"wp","href":"https:\/\/api.w.org\/{rel}","templated":true}]}}