{"id":752,"date":"2025-11-28T14:07:27","date_gmt":"2025-11-28T14:07:27","guid":{"rendered":"https:\/\/www.dalconsolerooms.com\/wo-wir-sind\/"},"modified":"2026-01-12T11:22:04","modified_gmt":"2026-01-12T11:22:04","slug":"wo-wir-sind","status":"publish","type":"page","link":"https:\/\/www.dalconsolerooms.com\/de\/wo-wir-sind\/","title":{"rendered":"Wo wir sind"},"content":{"rendered":"\t\t<div data-elementor-type=\"wp-page\" data-elementor-id=\"752\" class=\"elementor elementor-752 elementor-21\" data-elementor-post-type=\"page\">\n\t\t\t\t<div data-particle_enable=\"false\" data-particle-mobile-disabled=\"false\" class=\"elementor-element elementor-element-31c9e25 e-flex e-con-boxed e-con e-parent\" data-id=\"31c9e25\" data-element_type=\"container\" data-settings=\"{&quot;background_background&quot;:&quot;classic&quot;,&quot;ekit_has_onepagescroll_dot&quot;:&quot;yes&quot;}\">\n\t\t\t\t\t<div class=\"e-con-inner\">\n\t\t\t\t<div class=\"elementor-element elementor-element-2d2f1cc elementor-widget elementor-widget-heading\" data-id=\"2d2f1cc\" data-element_type=\"widget\" data-settings=\"{&quot;ekit_we_effect_on&quot;:&quot;none&quot;}\" data-widget_type=\"heading.default\">\n\t\t\t\t\t<h2 class=\"elementor-heading-title elementor-size-default\">Wo wir sind<\/h2>\t\t\t\t<\/div>\n\t\t\t\t\t<\/div>\n\t\t\t\t<\/div>\n\t\t<div data-particle_enable=\"false\" data-particle-mobile-disabled=\"false\" class=\"elementor-element elementor-element-44e5657 e-flex e-con-boxed e-con e-parent\" data-id=\"44e5657\" data-element_type=\"container\" data-settings=\"{&quot;ekit_has_onepagescroll_dot&quot;:&quot;yes&quot;}\">\n\t\t\t\t\t<div class=\"e-con-inner\">\n\t\t<div data-particle_enable=\"false\" data-particle-mobile-disabled=\"false\" class=\"elementor-element elementor-element-4bebc35 e-con-full e-flex e-con e-child\" data-id=\"4bebc35\" data-element_type=\"container\" data-settings=\"{&quot;ekit_has_onepagescroll_dot&quot;:&quot;yes&quot;}\">\n\t\t\t\t<div class=\"elementor-element elementor-element-d35b09b elementor-widget elementor-widget-spacer\" data-id=\"d35b09b\" data-element_type=\"widget\" data-settings=\"{&quot;ekit_we_effect_on&quot;:&quot;none&quot;}\" data-widget_type=\"spacer.default\">\n\t\t\t\t\t\t\t<div class=\"elementor-spacer\">\n\t\t\t<div class=\"elementor-spacer-inner\"><\/div>\n\t\t<\/div>\n\t\t\t\t\t\t<\/div>\n\t\t\t\t<\/div>\n\t\t<div data-particle_enable=\"false\" data-particle-mobile-disabled=\"false\" class=\"elementor-element elementor-element-66ca6ff e-con-full e-flex e-con e-child\" data-id=\"66ca6ff\" data-element_type=\"container\" data-settings=\"{&quot;ekit_has_onepagescroll_dot&quot;:&quot;yes&quot;}\">\n\t\t<div data-particle_enable=\"false\" data-particle-mobile-disabled=\"false\" class=\"elementor-element elementor-element-17fc554 e-con-full e-flex e-con e-child\" data-id=\"17fc554\" data-element_type=\"container\" data-settings=\"{&quot;ekit_has_onepagescroll_dot&quot;:&quot;yes&quot;}\">\n\t\t\t\t<div class=\"elementor-element elementor-element-ba98c19 elementor-widget elementor-widget-heading\" data-id=\"ba98c19\" data-element_type=\"widget\" data-settings=\"{&quot;ekit_we_effect_on&quot;:&quot;none&quot;}\" data-widget_type=\"heading.default\">\n\t\t\t\t\t<h2 class=\"elementor-heading-title elementor-size-default\">So erreichen Sie uns<\/h2>\t\t\t\t<\/div>\n\t\t\t\t<div class=\"elementor-element elementor-element-4bab63c elementor-widget elementor-widget-heading\" data-id=\"4bab63c\" data-element_type=\"widget\" data-settings=\"{&quot;ekit_we_effect_on&quot;:&quot;none&quot;}\" data-widget_type=\"heading.default\">\n\t\t\t\t\t<h2 class=\"elementor-heading-title elementor-size-default\">Dal Console<\/h2>\t\t\t\t<\/div>\n\t\t\t\t<div class=\"elementor-element elementor-element-840fe0e elementor-widget elementor-widget-text-editor\" data-id=\"840fe0e\" data-element_type=\"widget\" data-settings=\"{&quot;ekit_we_effect_on&quot;:&quot;none&quot;}\" data-widget_type=\"text-editor.default\">\n\t\t\t\t\t\t\t\t\t<p class=\"p1\">Dal Console Rooms befindet sich in der Via Raimondo de Sangro 23 im historischen Zentrum von Neapel, einem der geschichtstr\u00e4chtigsten und faszinierendsten Viertel der Stadt. Unsere Lage ist ideal, um die Stadt zu Fu\u00df zu erkunden und bequem mit \u00f6ffentlichen Verkehrsmitteln zu reisen.<\/p>\t\t\t\t\t\t\t\t<\/div>\n\t\t\t\t<div class=\"elementor-element elementor-element-c11fdbc elementor-position-left elementor-view-default elementor-mobile-position-top elementor-widget elementor-widget-icon-box\" data-id=\"c11fdbc\" data-element_type=\"widget\" data-settings=\"{&quot;ekit_we_effect_on&quot;:&quot;none&quot;}\" data-widget_type=\"icon-box.default\">\n\t\t\t\t\t\t\t<div class=\"elementor-icon-box-wrapper\">\n\n\t\t\t\t\t\t<div class=\"elementor-icon-box-icon\">\n\t\t\t\t<span  class=\"elementor-icon\">\n\t\t\t\t<svg xmlns=\"http:\/\/www.w3.org\/2000\/svg\" id=\"Layer_1\" data-name=\"Layer 1\" viewBox=\"0 0 24 24\" width=\"512\" height=\"512\"><path d=\"m19.5,0H4.5C2.019,0,0,2.019,0,4.5v15c0,2.481,2.019,4.5,4.5,4.5h15c2.481,0,4.5-2.019,4.5-4.5V4.5c0-2.481-2.019-4.5-4.5-4.5Zm3.5,19.5c0,1.93-1.57,3.5-3.5,3.5H4.5c-1.93,0-3.5-1.57-3.5-3.5V4.5c0-1.93,1.57-3.5,3.5-3.5h15c1.93,0,3.5,1.57,3.5,3.5v15Zm-3-13.986v13.986c0,.276-.224.5-.5.5s-.5-.224-.5-.5V5.514c0-.256-.107-.432-.303-.493-.16-.051-.409-.023-.58.221l-5.688,9.515c-.181.301-.678.301-.858,0L5.863,5.212c-.151-.216-.402-.242-.56-.191-.195.062-.303.237-.303.493v13.986c0,.276-.224.5-.5.5s-.5-.224-.5-.5V5.514c0-.698.384-1.252,1.002-1.447.625-.196,1.31.044,1.7.602l5.298,8.857,5.279-8.828c.41-.587,1.092-.827,1.719-.631.618.195,1.002.749,1.002,1.447Z\"><\/path><\/svg>\t\t\t\t<\/span>\n\t\t\t<\/div>\n\t\t\t\n\t\t\t\t\t\t<div class=\"elementor-icon-box-content\">\n\n\t\t\t\t\t\t\t\t\t<h3 class=\"elementor-icon-box-title\">\n\t\t\t\t\t\t<span  >\n\t\t\t\t\t\t\tNur wenige Schritte von der U-Bahn entfernt\t\t\t\t\t\t<\/span>\n\t\t\t\t\t<\/h3>\n\t\t\t\t\n\t\t\t\t\t\t\t\t\t<p class=\"elementor-icon-box-description\">\n\t\t\t\t\t\tWir befinden uns nur wenige Schritte von den beiden wichtigsten U-Bahn-Linien \u201eDante\u201d und \u201eMuseo\u201d entfernt.\t\t\t\t\t<\/p>\n\t\t\t\t\n\t\t\t<\/div>\n\t\t\t\n\t\t<\/div>\n\t\t\t\t\t\t<\/div>\n\t\t\t\t<div class=\"elementor-element elementor-element-61b6c6c elementor-position-left elementor-view-default elementor-mobile-position-top elementor-widget elementor-widget-icon-box\" data-id=\"61b6c6c\" data-element_type=\"widget\" data-settings=\"{&quot;ekit_we_effect_on&quot;:&quot;none&quot;}\" data-widget_type=\"icon-box.default\">\n\t\t\t\t\t\t\t<div class=\"elementor-icon-box-wrapper\">\n\n\t\t\t\t\t\t<div class=\"elementor-icon-box-icon\">\n\t\t\t\t<span  class=\"elementor-icon\">\n\t\t\t\t<svg xmlns=\"http:\/\/www.w3.org\/2000\/svg\" id=\"Layer_1\" data-name=\"Layer 1\" viewBox=\"0 0 24 24\"><path d=\"M20.949,2.007c-1.881-1.221-3.938-1.337-5.792-.332-1.428,.776-2.55,2.129-3.158,3.696-.607-1.567-1.729-2.92-3.158-3.696-1.854-1.006-3.91-.889-5.791,.332C1.13,3.252-.038,5.312,0,7.382c.086,4.56,4.806,10.504,9.156,14.097,.824,.681,1.833,1.021,2.843,1.021,1.009,0,2.019-.34,2.843-1.021,4.35-3.593,9.07-9.538,9.156-14.097,.039-2.07-1.129-4.13-3.05-5.375Zm-6.743,18.702c-1.279,1.056-3.135,1.055-4.413,0C5.615,17.256,1.081,11.608,1.001,7.364c-.033-1.728,.961-3.459,2.594-4.518,.864-.561,1.77-.842,2.663-.842,.719,0,1.431,.183,2.107,.55,1.846,1.003,3.135,3.243,3.135,5.446,0,.276,.224,.5,.5,.5s.5-.224,.5-.5c0-2.204,1.29-4.443,3.135-5.446,1.516-.822,3.209-.72,4.77,.292,1.632,1.059,2.626,2.79,2.594,4.518-.08,4.243-4.614,9.892-8.792,13.345Z\"><\/path><\/svg>\t\t\t\t<\/span>\n\t\t\t<\/div>\n\t\t\t\n\t\t\t\t\t\t<div class=\"elementor-icon-box-content\">\n\n\t\t\t\t\t\t\t\t\t<h3 class=\"elementor-icon-box-title\">\n\t\t\t\t\t\t<span  >\n\t\t\t\t\t\t\tIm Herzen der Stadt\t\t\t\t\t\t<\/span>\n\t\t\t\t\t<\/h3>\n\t\t\t\t\n\t\t\t\t\t\t\t\t\t<p class=\"elementor-icon-box-description\">\n\t\t\t\t\t\tEin perfekter Ort, um in die neapolitanische Kultur einzutauchen.\t\t\t\t\t<\/p>\n\t\t\t\t\n\t\t\t<\/div>\n\t\t\t\n\t\t<\/div>\n\t\t\t\t\t\t<\/div>\n\t\t\t\t<\/div>\n\t\t\t\t<\/div>\n\t\t<div data-particle_enable=\"false\" data-particle-mobile-disabled=\"false\" class=\"elementor-element elementor-element-b0b07da e-con-full e-flex e-con e-child\" data-id=\"b0b07da\" data-element_type=\"container\" data-settings=\"{&quot;ekit_has_onepagescroll_dot&quot;:&quot;yes&quot;}\">\n\t\t<div data-particle_enable=\"false\" data-particle-mobile-disabled=\"false\" class=\"elementor-element elementor-element-024322a e-con-full e-flex e-con e-child\" data-id=\"024322a\" data-element_type=\"container\" data-settings=\"{&quot;background_background&quot;:&quot;classic&quot;,&quot;ekit_has_onepagescroll_dot&quot;:&quot;yes&quot;}\">\n\t\t\t\t<\/div>\n\t\t<div data-particle_enable=\"false\" data-particle-mobile-disabled=\"false\" class=\"elementor-element elementor-element-1435274 e-con-full e-flex e-con e-child\" data-id=\"1435274\" data-element_type=\"container\" data-settings=\"{&quot;background_background&quot;:&quot;classic&quot;,&quot;ekit_has_onepagescroll_dot&quot;:&quot;yes&quot;}\">\n\t\t\t\t<\/div>\n\t\t\t\t<\/div>\n\t\t<div data-particle_enable=\"false\" data-particle-mobile-disabled=\"false\" class=\"elementor-element elementor-element-ca67bfb e-con-full e-flex e-con e-child\" data-id=\"ca67bfb\" data-element_type=\"container\" data-settings=\"{&quot;ekit_has_onepagescroll_dot&quot;:&quot;yes&quot;}\">\n\t\t\t\t<div class=\"elementor-element elementor-element-355e2bd elementor-widget elementor-widget-spacer\" data-id=\"355e2bd\" data-element_type=\"widget\" data-settings=\"{&quot;ekit_we_effect_on&quot;:&quot;none&quot;}\" data-widget_type=\"spacer.default\">\n\t\t\t\t\t\t\t<div class=\"elementor-spacer\">\n\t\t\t<div class=\"elementor-spacer-inner\"><\/div>\n\t\t<\/div>\n\t\t\t\t\t\t<\/div>\n\t\t\t\t<\/div>\n\t\t\t\t\t<\/div>\n\t\t\t\t<\/div>\n\t\t<div data-particle_enable=\"false\" data-particle-mobile-disabled=\"false\" class=\"elementor-element elementor-element-e5a6eb1 e-flex e-con-boxed e-con e-parent\" data-id=\"e5a6eb1\" data-element_type=\"container\" data-settings=\"{&quot;ekit_has_onepagescroll_dot&quot;:&quot;yes&quot;}\">\n\t\t\t\t\t<div class=\"e-con-inner\">\n\t\t<div data-particle_enable=\"false\" data-particle-mobile-disabled=\"false\" class=\"elementor-element elementor-element-c91f525 e-con-full e-flex e-con e-child\" data-id=\"c91f525\" data-element_type=\"container\" data-settings=\"{&quot;ekit_has_onepagescroll_dot&quot;:&quot;yes&quot;}\">\n\t\t\t\t<div class=\"elementor-element elementor-element-02feb65 elementor-widget elementor-widget-spacer\" data-id=\"02feb65\" data-element_type=\"widget\" data-settings=\"{&quot;ekit_we_effect_on&quot;:&quot;none&quot;}\" data-widget_type=\"spacer.default\">\n\t\t\t\t\t\t\t<div class=\"elementor-spacer\">\n\t\t\t<div class=\"elementor-spacer-inner\"><\/div>\n\t\t<\/div>\n\t\t\t\t\t\t<\/div>\n\t\t\t\t<\/div>\n\t\t<div data-particle_enable=\"false\" data-particle-mobile-disabled=\"false\" class=\"elementor-element elementor-element-05ca1d9 e-con-full e-flex e-con e-child\" data-id=\"05ca1d9\" data-element_type=\"container\" data-settings=\"{&quot;ekit_has_onepagescroll_dot&quot;:&quot;yes&quot;}\">\n\t\t<div data-particle_enable=\"false\" data-particle-mobile-disabled=\"false\" class=\"elementor-element elementor-element-057e780 e-con-full e-flex e-con e-child\" data-id=\"057e780\" data-element_type=\"container\" data-settings=\"{&quot;ekit_has_onepagescroll_dot&quot;:&quot;yes&quot;}\">\n\t\t\t\t<div class=\"elementor-element elementor-element-0d66561 elementor-widget elementor-widget-heading\" data-id=\"0d66561\" data-element_type=\"widget\" data-settings=\"{&quot;ekit_we_effect_on&quot;:&quot;none&quot;}\" data-widget_type=\"heading.default\">\n\t\t\t\t\t<h2 class=\"elementor-heading-title elementor-size-default\">Sehensw\u00fcrdigkeiten<\/h2>\t\t\t\t<\/div>\n\t\t\t\t<div class=\"elementor-element elementor-element-ad87474 elementor-widget elementor-widget-heading\" data-id=\"ad87474\" data-element_type=\"widget\" data-settings=\"{&quot;ekit_we_effect_on&quot;:&quot;none&quot;}\" data-widget_type=\"heading.default\">\n\t\t\t\t\t<h2 class=\"elementor-heading-title elementor-size-default\">Entdecken Sie bequem die Sch\u00f6nheiten Neapels<\/h2>\t\t\t\t<\/div>\n\t\t\t\t<div class=\"elementor-element elementor-element-7b2675b elementor-widget elementor-widget-text-editor\" data-id=\"7b2675b\" data-element_type=\"widget\" data-settings=\"{&quot;ekit_we_effect_on&quot;:&quot;none&quot;}\" data-widget_type=\"text-editor.default\">\n\t\t\t\t\t\t\t\t\t<p class=\"p1\">Vom Console Rooms aus sind Sie von den Sehensw\u00fcrdigkeiten der Stadt umgeben. Nur wenige Minuten entfernt finden Sie: das Arch\u00e4ologische Nationalmuseum, den Cristo Velato, den Dom San Gennaro, Napoli Sotterranea, Santa Chiara, die Piazza del Ges\u00f9 Nuovo und viele andere Sehensw\u00fcrdigkeiten, an denen Sie die pulsierende Atmosph\u00e4re Neapels erleben k\u00f6nnen.<\/p>\t\t\t\t\t\t\t\t<\/div>\n\t\t\t\t<\/div>\n\t\t\t\t<\/div>\n\t\t<div data-particle_enable=\"false\" data-particle-mobile-disabled=\"false\" class=\"elementor-element elementor-element-db4b336 e-con-full e-flex e-con e-child\" data-id=\"db4b336\" data-element_type=\"container\" data-settings=\"{&quot;ekit_has_onepagescroll_dot&quot;:&quot;yes&quot;}\">\n\t\t<div data-particle_enable=\"false\" data-particle-mobile-disabled=\"false\" class=\"elementor-element elementor-element-672d605 e-con-full e-flex e-con e-child\" data-id=\"672d605\" data-element_type=\"container\" data-settings=\"{&quot;background_background&quot;:&quot;classic&quot;,&quot;ekit_has_onepagescroll_dot&quot;:&quot;yes&quot;}\">\n\t\t\t\t<\/div>\n\t\t<div data-particle_enable=\"false\" data-particle-mobile-disabled=\"false\" class=\"elementor-element elementor-element-7fbbb78 e-con-full e-flex e-con e-child\" data-id=\"7fbbb78\" data-element_type=\"container\" data-settings=\"{&quot;background_background&quot;:&quot;classic&quot;,&quot;ekit_has_onepagescroll_dot&quot;:&quot;yes&quot;}\">\n\t\t\t\t<\/div>\n\t\t<div data-particle_enable=\"false\" data-particle-mobile-disabled=\"false\" class=\"elementor-element elementor-element-f453891 e-con-full e-flex e-con e-child\" data-id=\"f453891\" data-element_type=\"container\" data-settings=\"{&quot;background_background&quot;:&quot;classic&quot;,&quot;ekit_has_onepagescroll_dot&quot;:&quot;yes&quot;}\">\n\t\t\t\t<\/div>\n\t\t<div data-particle_enable=\"false\" data-particle-mobile-disabled=\"false\" class=\"elementor-element elementor-element-0b710f7 e-con-full e-flex e-con e-child\" data-id=\"0b710f7\" data-element_type=\"container\" data-settings=\"{&quot;background_background&quot;:&quot;classic&quot;,&quot;ekit_has_onepagescroll_dot&quot;:&quot;yes&quot;}\">\n\t\t\t\t<\/div>\n\t\t\t\t<\/div>\n\t\t<div data-particle_enable=\"false\" data-particle-mobile-disabled=\"false\" class=\"elementor-element elementor-element-d276e79 e-con-full elementor-hidden-tablet elementor-hidden-mobile e-flex e-con e-child\" data-id=\"d276e79\" data-element_type=\"container\" data-settings=\"{&quot;ekit_has_onepagescroll_dot&quot;:&quot;yes&quot;}\">\n\t\t\t\t<div class=\"elementor-element elementor-element-fcc92ca elementor-widget elementor-widget-spacer\" data-id=\"fcc92ca\" data-element_type=\"widget\" data-settings=\"{&quot;ekit_we_effect_on&quot;:&quot;none&quot;}\" data-widget_type=\"spacer.default\">\n\t\t\t\t\t\t\t<div class=\"elementor-spacer\">\n\t\t\t<div class=\"elementor-spacer-inner\"><\/div>\n\t\t<\/div>\n\t\t\t\t\t\t<\/div>\n\t\t\t\t<\/div>\n\t\t\t\t\t<\/div>\n\t\t\t\t<\/div>\n\t\t<div data-particle_enable=\"false\" data-particle-mobile-disabled=\"false\" class=\"elementor-element elementor-element-63421c0 e-con-full e-flex e-con e-parent\" data-id=\"63421c0\" data-element_type=\"container\" data-settings=\"{&quot;ekit_has_onepagescroll_dot&quot;:&quot;yes&quot;}\">\n\t\t\t\t<div class=\"elementor-element elementor-element-2ca0066 elementor-widget elementor-widget-text-editor\" data-id=\"2ca0066\" data-element_type=\"widget\" data-settings=\"{&quot;ekit_we_effect_on&quot;:&quot;none&quot;}\" data-widget_type=\"text-editor.default\">\n\t\t\t\t\t\t\t\t\t<iframe src=\"https:\/\/www.google.com\/maps\/embed?pb=!1m18!1m12!1m3!1d3018.021815634378!2d14.2520425764189!3d40.84944482918946!2m3!1f0!2f0!3f0!3m2!1i1024!2i768!4f13.1!3m3!1m2!1s0x133b0843aee59fd7%3A0x9986e4a626385891!2sVia%20Raimondo%20de%20Sangro%20di%20Sansevero%2C%2023%2C%2080134%20Napoli%20NA!5e0!3m2!1sit!2sit!4v1764675231972!5m2!1sit!2sit\" width=\"600\" height=\"450\" style=\"border:0;\" allowfullscreen=\"\" loading=\"lazy\" referrerpolicy=\"no-referrer-when-downgrade\"><\/iframe>\t\t\t\t\t\t\t\t<\/div>\n\t\t\t\t<\/div>\n\t\t\t\t<\/div>\n\t\t","protected":false},"excerpt":{"rendered":"<p>So erreichen Sie uns Dal Console Dal Console Rooms befindet sich in der Via Raimondo de Sangro 23 im historischen Zentrum von Neapel, einem der geschichtstr\u00e4chtigsten und faszinierendsten Viertel der Stadt. Unsere Lage ist ideal, um die Stadt zu Fu\u00df zu erkunden und bequem mit \u00f6ffentlichen Verkehrsmitteln zu reisen. Nur wenige Schritte von der U-Bahn [&hellip;]<\/p>\n","protected":false},"author":1,"featured_media":0,"parent":0,"menu_order":0,"comment_status":"closed","ping_status":"closed","template":"","meta":{"footnotes":""},"class_list":["post-752","page","type-page","status-publish","hentry"],"yoast_head":"<!-- This site is optimized with the Yoast SEO plugin v26.7 - https:\/\/yoast.com\/wordpress\/plugins\/seo\/ -->\n<title>Wo wir sind - Dal Console Rooms<\/title>\n<meta name=\"robots\" content=\"index, follow, max-snippet:-1, max-image-preview:large, max-video-preview:-1\" \/>\n<link rel=\"canonical\" href=\"https:\/\/www.dalconsolerooms.com\/dove-siamo\/\" \/>\n<meta property=\"og:locale\" content=\"de_DE\" \/>\n<meta property=\"og:type\" content=\"article\" \/>\n<meta property=\"og:title\" content=\"Wo wir sind - Dal Console Rooms\" \/>\n<meta property=\"og:description\" content=\"So erreichen Sie uns Dal Console Dal Console Rooms befindet sich in der Via Raimondo de Sangro 23 im historischen Zentrum von Neapel, einem der geschichtstr\u00e4chtigsten und faszinierendsten Viertel der Stadt. Unsere Lage ist ideal, um die Stadt zu Fu\u00df zu erkunden und bequem mit \u00f6ffentlichen Verkehrsmitteln zu reisen. Nur wenige Schritte von der U-Bahn [&hellip;]\" \/>\n<meta property=\"og:url\" content=\"https:\/\/www.dalconsolerooms.com\/dove-siamo\/\" \/>\n<meta property=\"og:site_name\" content=\"Dal Console Rooms\" \/>\n<meta property=\"article:modified_time\" content=\"2026-01-12T11:22:04+00:00\" \/>\n<meta property=\"og:image\" content=\"https:\/\/www.dalconsolerooms.com\/wp-content\/uploads\/2026\/01\/L1022075--scaled.jpg\" \/>\n\t<meta property=\"og:image:width\" content=\"2560\" \/>\n\t<meta property=\"og:image:height\" content=\"1704\" \/>\n\t<meta property=\"og:image:type\" content=\"image\/jpeg\" \/>\n<meta name=\"twitter:card\" content=\"summary_large_image\" \/>\n<meta name=\"twitter:label1\" content=\"Gesch\u00e4tzte Lesezeit\" \/>\n\t<meta name=\"twitter:data1\" content=\"1\u00a0Minute\" \/>\n<script type=\"application\/ld+json\" class=\"yoast-schema-graph\">{\"@context\":\"https:\/\/schema.org\",\"@graph\":[{\"@type\":\"WebPage\",\"@id\":\"https:\/\/www.dalconsolerooms.com\/dove-siamo\/\",\"url\":\"https:\/\/www.dalconsolerooms.com\/dove-siamo\/\",\"name\":\"Wo wir sind - Dal Console Rooms\",\"isPartOf\":{\"@id\":\"https:\/\/www.dalconsolerooms.com\/#website\"},\"datePublished\":\"2025-11-28T14:07:27+00:00\",\"dateModified\":\"2026-01-12T11:22:04+00:00\",\"breadcrumb\":{\"@id\":\"https:\/\/www.dalconsolerooms.com\/dove-siamo\/#breadcrumb\"},\"inLanguage\":\"de\",\"potentialAction\":[{\"@type\":\"ReadAction\",\"target\":[\"https:\/\/www.dalconsolerooms.com\/dove-siamo\/\"]}]},{\"@type\":\"BreadcrumbList\",\"@id\":\"https:\/\/www.dalconsolerooms.com\/dove-siamo\/#breadcrumb\",\"itemListElement\":[{\"@type\":\"ListItem\",\"position\":1,\"name\":\"Home\",\"item\":\"https:\/\/www.dalconsolerooms.com\/\"},{\"@type\":\"ListItem\",\"position\":2,\"name\":\"Wo wir sind\"}]},{\"@type\":\"WebSite\",\"@id\":\"https:\/\/www.dalconsolerooms.com\/#website\",\"url\":\"https:\/\/www.dalconsolerooms.com\/\",\"name\":\"Dal Console Rooms\",\"description\":\"Il tuo rifugio nel cuore di Napoli\",\"publisher\":{\"@id\":\"https:\/\/www.dalconsolerooms.com\/#organization\"},\"potentialAction\":[{\"@type\":\"SearchAction\",\"target\":{\"@type\":\"EntryPoint\",\"urlTemplate\":\"https:\/\/www.dalconsolerooms.com\/?s={search_term_string}\"},\"query-input\":{\"@type\":\"PropertyValueSpecification\",\"valueRequired\":true,\"valueName\":\"search_term_string\"}}],\"inLanguage\":\"de\"},{\"@type\":\"Organization\",\"@id\":\"https:\/\/www.dalconsolerooms.com\/#organization\",\"name\":\"Dal Console Rooms\",\"url\":\"https:\/\/www.dalconsolerooms.com\/\",\"logo\":{\"@type\":\"ImageObject\",\"inLanguage\":\"de\",\"@id\":\"https:\/\/www.dalconsolerooms.com\/#\/schema\/logo\/image\/\",\"url\":\"https:\/\/www.dalconsolerooms.com\/wp-content\/uploads\/2025\/11\/logo-dal-console-rooms.svg\",\"contentUrl\":\"https:\/\/www.dalconsolerooms.com\/wp-content\/uploads\/2025\/11\/logo-dal-console-rooms.svg\",\"width\":612,\"height\":647,\"caption\":\"Dal Console Rooms\"},\"image\":{\"@id\":\"https:\/\/www.dalconsolerooms.com\/#\/schema\/logo\/image\/\"}}]}<\/script>\n<!-- \/ Yoast SEO plugin. -->","yoast_head_json":{"title":"Wo wir sind - Dal Console Rooms","robots":{"index":"index","follow":"follow","max-snippet":"max-snippet:-1","max-image-preview":"max-image-preview:large","max-video-preview":"max-video-preview:-1"},"canonical":"https:\/\/www.dalconsolerooms.com\/dove-siamo\/","og_locale":"de_DE","og_type":"article","og_title":"Wo wir sind - Dal Console Rooms","og_description":"So erreichen Sie uns Dal Console Dal Console Rooms befindet sich in der Via Raimondo de Sangro 23 im historischen Zentrum von Neapel, einem der geschichtstr\u00e4chtigsten und faszinierendsten Viertel der Stadt. Unsere Lage ist ideal, um die Stadt zu Fu\u00df zu erkunden und bequem mit \u00f6ffentlichen Verkehrsmitteln zu reisen. Nur wenige Schritte von der U-Bahn [&hellip;]","og_url":"https:\/\/www.dalconsolerooms.com\/dove-siamo\/","og_site_name":"Dal Console Rooms","article_modified_time":"2026-01-12T11:22:04+00:00","og_image":[{"width":2560,"height":1704,"url":"https:\/\/www.dalconsolerooms.com\/wp-content\/uploads\/2026\/01\/L1022075--scaled.jpg","type":"image\/jpeg"}],"twitter_card":"summary_large_image","twitter_misc":{"Gesch\u00e4tzte Lesezeit":"1\u00a0Minute"},"schema":{"@context":"https:\/\/schema.org","@graph":[{"@type":"WebPage","@id":"https:\/\/www.dalconsolerooms.com\/dove-siamo\/","url":"https:\/\/www.dalconsolerooms.com\/dove-siamo\/","name":"Wo wir sind - Dal Console Rooms","isPartOf":{"@id":"https:\/\/www.dalconsolerooms.com\/#website"},"datePublished":"2025-11-28T14:07:27+00:00","dateModified":"2026-01-12T11:22:04+00:00","breadcrumb":{"@id":"https:\/\/www.dalconsolerooms.com\/dove-siamo\/#breadcrumb"},"inLanguage":"de","potentialAction":[{"@type":"ReadAction","target":["https:\/\/www.dalconsolerooms.com\/dove-siamo\/"]}]},{"@type":"BreadcrumbList","@id":"https:\/\/www.dalconsolerooms.com\/dove-siamo\/#breadcrumb","itemListElement":[{"@type":"ListItem","position":1,"name":"Home","item":"https:\/\/www.dalconsolerooms.com\/"},{"@type":"ListItem","position":2,"name":"Wo wir sind"}]},{"@type":"WebSite","@id":"https:\/\/www.dalconsolerooms.com\/#website","url":"https:\/\/www.dalconsolerooms.com\/","name":"Dal Console Rooms","description":"Il tuo rifugio nel cuore di Napoli","publisher":{"@id":"https:\/\/www.dalconsolerooms.com\/#organization"},"potentialAction":[{"@type":"SearchAction","target":{"@type":"EntryPoint","urlTemplate":"https:\/\/www.dalconsolerooms.com\/?s={search_term_string}"},"query-input":{"@type":"PropertyValueSpecification","valueRequired":true,"valueName":"search_term_string"}}],"inLanguage":"de"},{"@type":"Organization","@id":"https:\/\/www.dalconsolerooms.com\/#organization","name":"Dal Console Rooms","url":"https:\/\/www.dalconsolerooms.com\/","logo":{"@type":"ImageObject","inLanguage":"de","@id":"https:\/\/www.dalconsolerooms.com\/#\/schema\/logo\/image\/","url":"https:\/\/www.dalconsolerooms.com\/wp-content\/uploads\/2025\/11\/logo-dal-console-rooms.svg","contentUrl":"https:\/\/www.dalconsolerooms.com\/wp-content\/uploads\/2025\/11\/logo-dal-console-rooms.svg","width":612,"height":647,"caption":"Dal Console Rooms"},"image":{"@id":"https:\/\/www.dalconsolerooms.com\/#\/schema\/logo\/image\/"}}]}},"_links":{"self":[{"href":"https:\/\/www.dalconsolerooms.com\/de\/wp-json\/wp\/v2\/pages\/752","targetHints":{"allow":["GET"]}}],"collection":[{"href":"https:\/\/www.dalconsolerooms.com\/de\/wp-json\/wp\/v2\/pages"}],"about":[{"href":"https:\/\/www.dalconsolerooms.com\/de\/wp-json\/wp\/v2\/types\/page"}],"author":[{"embeddable":true,"href":"https:\/\/www.dalconsolerooms.com\/de\/wp-json\/wp\/v2\/users\/1"}],"replies":[{"embeddable":true,"href":"https:\/\/www.dalconsolerooms.com\/de\/wp-json\/wp\/v2\/comments?post=752"}],"version-history":[{"count":2,"href":"https:\/\/www.dalconsolerooms.com\/de\/wp-json\/wp\/v2\/pages\/752\/revisions"}],"predecessor-version":[{"id":938,"href":"https:\/\/www.dalconsolerooms.com\/de\/wp-json\/wp\/v2\/pages\/752\/revisions\/938"}],"wp:attachment":[{"href":"https:\/\/www.dalconsolerooms.com\/de\/wp-json\/wp\/v2\/media?parent=752"}],"curies":[{"name":"wp","href":"https:\/\/api.w.org\/{rel}","templated":true}]}}